{"id":17,"date":"2021-07-12T11:40:07","date_gmt":"2021-07-12T11:40:07","guid":{"rendered":"http:\/\/litere.cunbm.utcluj.ro\/doctorat\/?page_id=17"},"modified":"2025-12-18T12:33:34","modified_gmt":"2025-12-18T12:33:34","slug":"about","status":"publish","type":"page","link":"http:\/\/litere.cunbm.utcluj.ro\/doctorat\/","title":{"rendered":"Studii universitare de doctorat"},"content":{"rendered":"\r\n<p style=\"text-align: left;\">Studiile universitare de doctorat reprezint\u0103 al III-lea ciclu de studii universitare \u0219i permit dob\u00e2ndirea titlului de doctor \u00een baza unui cod al studiilor universitare de doctorat, aprobat prin hot\u0103r\u00e2re a Guvernului. Programele de studii universitare de doctorat se organizeaz\u0103 \u00een \u0218coala doctoral\u0103.<\/p>\r\n\r\n\r\n\r\n<p style=\"text-align: left;\">\u00cen Universitatea Tehnic\u0103 din Cluj-Napoca, programele de studii universitare de doctorat sunt de tipul doctorat \u0219tiin\u021bific, care are ca finalitate producerea de cunoa\u0219tere \u0219tiin\u021bific\u0103 original\u0103, relevant\u0103 interna\u021bional, pe baza unor metode \u0219tiin\u021bifice, organizat numai la forma de \u00eenv\u0103\u021b\u0103m\u00e2nt cu frecven\u021b\u0103. Doctoratul \u0219tiin\u021bific este o condi\u021bie pentru cariera profesional\u0103 \u00een \u00eenv\u0103\u021b\u0103m\u00e2ntul superior \u0219i cercetare.<\/p>\r\n\r\n\r\n\r\n<p style=\"text-align: left;\">Programul de studii universitare de doctorat se desf\u0103\u0219oar\u0103 \u00een cadrul \u0218colii doctorale sub coordonarea unui conduc\u0103tor de doctorat \u0219i cuprinde: a) un program de preg\u0103tire bazat pe studii universitare avansate, \u00een cadrul \u0219colii doctorale; b) un program individual de cercetare \u0219tiin\u021bific\u0103. Studiile universitare de doctorat se pot organiza \u0219i \u00een cotutel\u0103, caz \u00een care studentul-doctorand \u00ee\u0219i desf\u0103\u0219oar\u0103 activitatea sub \u00eendrumarea concomitent\u0103 a unui conduc\u0103tor de doctorat din Romania \u0219i a unui conduc\u0103tor de doctorat dintr-o alt\u0103 \u021bar\u0103 sau sub \u00eendrumarea concomitent\u0103 a doi conduc\u0103tori de doctorat din institu\u021bii diferite din Rom\u00e2nia, pe baza unui acord scris \u00eentre institu\u021biile organizatoare implicate. Doctoratul \u00een cotutel\u0103 poate fi organizat \u0219i \u00een cazul \u00een care conduc\u0103torii de doctorat apar\u021bin aceleia\u0219i \u0218coli doctorale, dar au specializ\u0103ri\/domenii diferite de studiu sau unul dintre conduc\u0103torii de doctorat a atins v\u00e2rsta pensionarii, conform prevederilor din Carta universitar\u0103.<\/p>\r\n\r\n\r\n\r\n<p style=\"text-align: left;\">Durata programului de studii universitare de doctorat este, de regul\u0103, de 3 ani. \u00cen situa\u021bii speciale, durata programului de studii universitare de doctorat poate fi prelungit\u0103 cu 1-2 ani, cu aprobarea senatului universitar, la propunerea conduc\u0103torului de doctorat \u0219i \u00een limita fondurilor disponibile. Studiile universitare de doctorat se pot \u00eentrerupe din motive temeinice, \u00een condi\u021biile stabilite prin regulamentul institu\u021bional propriu de organizare \u0219i desf\u0103\u0219urare a studiilor universitare de doctorat. Durata acestor studii se prelunge\u0219te, \u00een consecin\u021b\u0103, cu perioadele cumulate ale \u00eentreruperilor aprobate. Curriculumul de preg\u0103tire \u0219i programul de cercetare sunt stabilite de conduc\u0103torul de doctorat \u0219i de \u0218coala doctoral\u0103.<\/p>\r\n\r\n\r\n\r\n<p style=\"text-align: left;\">Studiile universitare de doctorat se organizeaz\u0103 cu finan\u021bare de la bugetul de stat, \u00een regim cu tax\u0103 sau din alte surse legal constituite. Au dreptul sa participe la concursul de admitere la studii universitare de doctorat numai absolven\u021bii cu diplom\u0103 de master sau echivalent\u0103 acesteia. Pe parcursul desf\u0103\u0219ur\u0103rii studiilor universitare de doctorat, persoana \u00eenscris\u0103 \u00een programul de studii are calitatea de student-doctorand. Studen\u021bii-doctoranzi sunt \u00eencadra\u021bi ca asisten\u021bi de cercetare sau asisten\u021bi universitari, pe perioad\u0103 determinat\u0103.<\/p>\r\n<hr \/>\r\n<ul>\r\n<li>Competen\u021bele vizate\/ob\u021binute (PPUA) \u00een raport cu domeniul FILOLOGIE &#8211; <a href=\"https:\/\/drive.google.com\/file\/d\/1iqFhikPLAC3TZYBcXpwEAtb7iXjjzomA\/view?usp=drive_link\" target=\"_blank\" rel=\"noopener\">fi\u0219ier<\/a><\/li>\r\n<\/ul>\r\n<hr \/>\r\n<p><a href=\"https:\/\/drive.google.com\/drive\/folders\/1C4W_qZtdTVaUFJfSfyt9iWsNURsuL47R?usp=sharing\"><strong>FI\u0218ELE DISCIPLINELOR (PPUA) FILOSOFIE<\/strong><\/a><\/p>\r\n","protected":false},"excerpt":{"rendered":"<p>Studiile universitare de doctorat reprezint\u0103 al III-lea ciclu de studii universitare \u0219i permit dob\u00e2ndirea titlului de doctor \u00een baza unui cod al studiilor universitare de doctorat, aprobat prin hot\u0103r\u00e2re a Guvernului. Programele de studii universitare de doctorat se organizeaz\u0103 \u00een \u0218coala doctoral\u0103. \u00cen Universitatea Tehnic\u0103 din Cluj-Napoca, programele de studii universitare de doctorat sunt de &hellip; <a href=\"http:\/\/litere.cunbm.utcluj.ro\/doctorat\/\" class=\"more-link\">Continue reading <span class=\"screen-reader-text\">Studii universitare de doctorat<\/span><\/a><\/p>\n","protected":false},"author":1,"featured_media":0,"parent":0,"menu_order":0,"comment_status":"closed","ping_status":"closed","template":"","meta":{"footnotes":""},"class_list":["post-17","page","type-page","status-publish","hentry"],"_links":{"self":[{"href":"http:\/\/litere.cunbm.utcluj.ro\/doctorat\/index.php\/wp-json\/wp\/v2\/pages\/17","targetHints":{"allow":["GET"]}}],"collection":[{"href":"http:\/\/litere.cunbm.utcluj.ro\/doctorat\/index.php\/wp-json\/wp\/v2\/pages"}],"about":[{"href":"http:\/\/litere.cunbm.utcluj.ro\/doctorat\/index.php\/wp-json\/wp\/v2\/types\/page"}],"author":[{"embeddable":true,"href":"http:\/\/litere.cunbm.utcluj.ro\/doctorat\/index.php\/wp-json\/wp\/v2\/users\/1"}],"replies":[{"embeddable":true,"href":"http:\/\/litere.cunbm.utcluj.ro\/doctorat\/index.php\/wp-json\/wp\/v2\/comments?post=17"}],"version-history":[{"count":11,"href":"http:\/\/litere.cunbm.utcluj.ro\/doctorat\/index.php\/wp-json\/wp\/v2\/pages\/17\/revisions"}],"predecessor-version":[{"id":205,"href":"http:\/\/litere.cunbm.utcluj.ro\/doctorat\/index.php\/wp-json\/wp\/v2\/pages\/17\/revisions\/205"}],"wp:attachment":[{"href":"http:\/\/litere.cunbm.utcluj.ro\/doctorat\/index.php\/wp-json\/wp\/v2\/media?parent=17"}],"curies":[{"name":"wp","href":"https:\/\/api.w.org\/{rel}","templated":true}]}}