{"id":144,"date":"2025-11-27T12:37:32","date_gmt":"2025-11-27T12:37:32","guid":{"rendered":"https:\/\/litere.cunbm.utcluj.ro\/doctorat\/?page_id=144"},"modified":"2025-12-11T09:34:35","modified_gmt":"2025-12-11T09:34:35","slug":"activitate-doctoranzi-filologie","status":"publish","type":"page","link":"http:\/\/litere.cunbm.utcluj.ro\/doctorat\/index.php\/activitate-doctoranzi-filologie\/","title":{"rendered":"Activitate doctoranzi FILOLOGIE"},"content":{"rendered":"<p style=\"text-align: center;\"><strong>FI\u0218E de AUTOEVALUARE<\/strong><br \/>\n<strong>pentru activitatea doctoranzilor<\/strong><\/p>\n<ul>\n<li><strong>Ardus\u0103tan (Vanca) Aurelia-Gabriela<\/strong> &#8211; <a href=\"https:\/\/docs.google.com\/spreadsheets\/d\/1urqihfjtR3h5vc9jIcC1WFN3gJMxqojO\/edit?usp=drive_link&amp;ouid=101531165415223359140&amp;rtpof=true&amp;sd=true\">fi\u0219\u0103 de autoevaluare<\/a><\/li>\n<li><strong>B\u0103ban Gavril Vasile<\/strong> &#8211; <a href=\"https:\/\/docs.google.com\/spreadsheets\/d\/1SPDyscVooLP8DANbasvZTDMNjjXOzm8Q\/edit?usp=drive_link&amp;ouid=101531165415223359140&amp;rtpof=true&amp;sd=true\">fi\u0219\u0103 de autoevaluare<\/a><\/li>\n<li><strong>Banciu Ligia-Monica<\/strong> &#8211; <a href=\"https:\/\/docs.google.com\/spreadsheets\/d\/1U4-e3oeBucWJD94kPSosOUh0t_PYojoH\/edit?usp=drive_link&amp;ouid=101531165415223359140&amp;rtpof=true&amp;sd=true\">fi\u0219\u0103 de autoevaluare<\/a><\/li>\n<li><strong>B\u0103rbos (Ionce) Angelica Valerica<\/strong> &#8211; <a href=\"https:\/\/docs.google.com\/spreadsheets\/d\/1dehXPWsYHp1S5p0FCJdgk2tn5BpU6sqD\/edit?usp=drive_link&amp;ouid=101531165415223359140&amp;rtpof=true&amp;sd=true\">fi\u0219\u0103 de autoevaluare<\/a><\/li>\n<li><strong>Bob Anamaria Lavinia<\/strong>\u00a0&#8211; <a href=\"https:\/\/docs.google.com\/spreadsheets\/d\/1HGpud-WJ6MHQl_BrSg4gZQJCl2VaeYcS\/edit?usp=drive_link&amp;ouid=101531165415223359140&amp;rtpof=true&amp;sd=true\">fi\u0219\u0103 de autoevaluare<\/a><\/li>\n<li><strong>Bochi\u0219 (Nedelcu) Bogdana-Cristina-Laura<\/strong>\u00a0&#8211; <a href=\"https:\/\/docs.google.com\/spreadsheets\/d\/1decrbjxibbQaid2l1KIqXKKFsGjjbWHv\/edit?usp=drive_link&amp;ouid=101531165415223359140&amp;rtpof=true&amp;sd=true\">fi\u0219\u0103 de autoevaluare<\/a><\/li>\n<li><strong>Bor\u0219e (Mocanu) Adela-Maria<\/strong>\u00a0&#8211; <a href=\"https:\/\/docs.google.com\/spreadsheets\/d\/1xEbCr7hTy7pWv92u06fuU8QS79JOrkJT\/edit?usp=drive_link&amp;ouid=101531165415223359140&amp;rtpof=true&amp;sd=true\">fi\u0219\u0103 de autoevaluare<\/a><\/li>\n<li><strong>Breban (Mure\u0219an) Petronela<\/strong> &#8211; <a href=\"https:\/\/docs.google.com\/spreadsheets\/d\/1OJ-1w4s96v45umMBXZj-AIKjPZ3euMp5\/edit?usp=drive_link&amp;ouid=101531165415223359140&amp;rtpof=true&amp;sd=true\">fi\u0219\u0103 de autoevaluare<\/a><\/li>\n<li><strong>Breban Mihaela-Felicia<\/strong> &#8211; <a href=\"https:\/\/docs.google.com\/spreadsheets\/d\/17YBwdsy-uannTLZLTCurEIcpwxwELOiu\/edit?usp=drive_link&amp;ouid=101531165415223359140&amp;rtpof=true&amp;sd=true\">fi\u0219\u0103 de autoevaluare<\/a><\/li>\n<li><strong>C\u00e2mpan (Cozma) Codru\u021ba<\/strong> &#8211; <a href=\"https:\/\/docs.google.com\/spreadsheets\/d\/1CMH3vJEjI99_Zt5_NvBlMLMUdiFQhB2r\/edit?usp=drive_link&amp;ouid=101531165415223359140&amp;rtpof=true&amp;sd=true\">fi\u0219\u0103 de autoevaluare<\/a><\/li>\n<li><strong>Chiuzboian (Barto\u0219) Melania Mariana<\/strong> &#8211; <a href=\"https:\/\/docs.google.com\/spreadsheets\/d\/1cq9Vojw2dtQQaT4J-IGEOtg53RcTYtC0\/edit?usp=drive_link&amp;ouid=101531165415223359140&amp;rtpof=true&amp;sd=true\">fi\u0219\u0103 de autoevaluare<\/a><\/li>\n<li><strong>Dan Ionela-Mariana<\/strong> &#8211; <a href=\"https:\/\/docs.google.com\/spreadsheets\/d\/1Fhvaz1QtBrAXCo2EXdpiyrnXUR4m74yq\/edit?usp=drive_link&amp;ouid=101531165415223359140&amp;rtpof=true&amp;sd=true\">fi\u0219\u0103 de autoevaluare<\/a><\/li>\n<li><strong>Dimitrache (Rist) Diana Maria<\/strong> &#8211; <a href=\"https:\/\/docs.google.com\/spreadsheets\/d\/1kqKMnPcCTxcXy9BaMtZfi8wIGqGlpSqr\/edit?usp=drive_link&amp;ouid=101531165415223359140&amp;rtpof=true&amp;sd=true\">fi\u0219\u0103 de autoevaluare<\/a><\/li>\n<li><strong>Fazakas (c\u0103s. \u0218ter\u021ba) T\u00fcnde-Emese<\/strong>\u00a0&#8211; <a href=\"https:\/\/docs.google.com\/spreadsheets\/d\/1BRRmKxEldsqhH2rksq4c2N98VDSjRNPB\/edit?usp=drive_link&amp;ouid=101531165415223359140&amp;rtpof=true&amp;sd=true\">fi\u0219\u0103 de autoevaluare<\/a><\/li>\n<li><strong>Feher Oana Benedicta<\/strong>\u00a0&#8211; <a href=\"https:\/\/docs.google.com\/spreadsheets\/d\/1XDx9yZUtzL_QppeH45bxWflcCF-1675M\/edit?usp=drive_link&amp;ouid=101531165415223359140&amp;rtpof=true&amp;sd=true\">fi\u0219\u0103 de autoevaluare<\/a><\/li>\n<li><strong>Fize\u0219an-Zegrean Ionela Maria<\/strong> &#8211; <a href=\"https:\/\/docs.google.com\/spreadsheets\/d\/1hHZW7mPLtg4BMZOWOa-o8madsxvxaYSA\/edit?usp=drive_link&amp;ouid=101531165415223359140&amp;rtpof=true&amp;sd=true\">fi\u0219\u0103 de autoevaluare<\/a><\/li>\n<li><strong>Florian L\u0103cr\u0103mioara Mariana<\/strong> &#8211; <a href=\"https:\/\/docs.google.com\/spreadsheets\/d\/1izXqM2V7Mg0cs5KLpyHCp7YJMC8699tn\/edit?usp=drive_link&amp;ouid=101531165415223359140&amp;rtpof=true&amp;sd=true\">fi\u0219\u0103 de autoevaluare<\/a><\/li>\n<li><strong>G\u00ee\u021b (Petru\u0219) Rebeca-Ioana<\/strong> &#8211; <a href=\"https:\/\/docs.google.com\/spreadsheets\/d\/1XjWSqgdKS5OyEJoh6HgMToo71n7_MTVg\/edit?usp=drive_link&amp;ouid=101531165415223359140&amp;rtpof=true&amp;sd=true\">fi\u0219\u0103 de autoevaluare<\/a><\/li>\n<li><strong>Girugiulescu Raluca<\/strong> &#8211; <a href=\"https:\/\/docs.google.com\/spreadsheets\/d\/1aQxEI-V4MnD3jPf98CwGX6ob5aiLj4DW\/edit?usp=drive_link&amp;ouid=101531165415223359140&amp;rtpof=true&amp;sd=true\">fi\u0219\u0103 de autoevaluare<\/a><\/li>\n<li><strong>Gligan Maria Alexandra<\/strong> &#8211; <a href=\"https:\/\/docs.google.com\/spreadsheets\/d\/1xvZJxI4zassFo6QqARPjEBDOZljA3dwA\/edit?usp=drive_link&amp;ouid=101531165415223359140&amp;rtpof=true&amp;sd=true\">fi\u0219\u0103 de autoevaluare<\/a><\/li>\n<li><strong>Ilie\u0219 Ionu\u021ba<\/strong>\u00a0&#8211; <a href=\"https:\/\/docs.google.com\/spreadsheets\/d\/1-J6qSCnoRm930mEe-ZnLbJHzgUr5mWxX\/edit?usp=drive_link&amp;ouid=101531165415223359140&amp;rtpof=true&amp;sd=true\">fi\u0219\u0103 de autoevaluare<\/a><\/li>\n<li><strong>Iliescu-Bujor Alexandra Sorina<\/strong>\u00a0&#8211; <a href=\"https:\/\/docs.google.com\/spreadsheets\/d\/1qIfYtk3g7pi9Zuk-8u69MFkuNa15QE2B\/edit?usp=drive_link&amp;ouid=101531165415223359140&amp;rtpof=true&amp;sd=true\">fi\u0219\u0103 de autoevaluare<\/a><\/li>\n<li><strong>Iliu\u021b\u0103 Cezar-Adrian<\/strong> &#8211; <a href=\"https:\/\/docs.google.com\/spreadsheets\/d\/1OiKTDzB8efiFGzV6bYCnAoblfPND5lvz\/edit?usp=drive_link&amp;ouid=101531165415223359140&amp;rtpof=true&amp;sd=true\">fi\u0219\u0103 de autoevaluare<\/a><\/li>\n<li><strong>Ioane\u0219 Gabriela-S\u00e2nziana<\/strong> &#8211; <a href=\"https:\/\/docs.google.com\/spreadsheets\/d\/1926LEgqSj2XQrjEB63uP-uKufGjf-ktv\/edit?usp=drive_link&amp;ouid=101531165415223359140&amp;rtpof=true&amp;sd=true\">fi\u0219\u0103 de autoevaluare<\/a><\/li>\n<li><strong>Iuga Maria Diana<\/strong> &#8211; <a href=\"https:\/\/docs.google.com\/spreadsheets\/d\/1ZXD0e1FTtYn8otfQjMm3OjG4TP0Lu8WG\/edit?usp=drive_link&amp;ouid=101531165415223359140&amp;rtpof=true&amp;sd=true\">fi\u0219\u0103 de autoevaluare<\/a><\/li>\n<li><strong>Jurje (T\u0103nas\u0103) Mihaela\u2011Niculina<\/strong>\u00a0&#8211; <a href=\"https:\/\/docs.google.com\/spreadsheets\/d\/12hJ_MZNY04ILHO_X_NXiDtXASlu18RnI\/edit?usp=drive_link&amp;ouid=101531165415223359140&amp;rtpof=true&amp;sd=true\">fi\u0219\u0103 de autoevaluare<\/a><\/li>\n<li><strong>Konradi Simona<\/strong>\u00a0&#8211; <a href=\"https:\/\/docs.google.com\/spreadsheets\/d\/1ON-9v83blD97RV-O-fYM_mnPvg6HGZzT\/edit?usp=drive_link&amp;ouid=101531165415223359140&amp;rtpof=true&amp;sd=true\">fi\u0219\u0103 de autoevaluare<\/a><\/li>\n<li><strong>Kopo\u0219ciuc Bianca-Daniela<\/strong> &#8211; <a href=\"https:\/\/docs.google.com\/spreadsheets\/d\/16Dv0B8b2HtwWCvdaUhL_VvO40ZO2BNem\/edit?usp=drive_link&amp;ouid=101531165415223359140&amp;rtpof=true&amp;sd=true\">fi\u0219\u0103 de autoevaluare<\/a><\/li>\n<li><strong>Marian (Chinde) Daniela Mariana<\/strong> &#8211; <a href=\"https:\/\/docs.google.com\/spreadsheets\/d\/1h5_jD3Yck0QmZkLjacoWEz7GHXiEUNqY\/edit?usp=drive_link&amp;ouid=101531165415223359140&amp;rtpof=true&amp;sd=true\">fi\u0219\u0103 de autoevaluare<\/a><\/li>\n<li><strong>Me\u021bac (Andreica) Anita Andreea<\/strong>\u00a0&#8211; <a href=\"https:\/\/docs.google.com\/spreadsheets\/d\/1SAWGGU9L3ngVpv2MxfIiqP62xcprq_MN\/edit?usp=drive_link&amp;ouid=101531165415223359140&amp;rtpof=true&amp;sd=true\">fi\u0219\u0103 de autoevaluare<\/a><\/li>\n<li><strong>Mich Anu\u021ba-Felicia<\/strong>\u00a0&#8211; <a href=\"https:\/\/docs.google.com\/spreadsheets\/d\/1038LxH1UqKPklwTvMK2SY_Rx6yvFCu5A\/edit?usp=drive_link&amp;ouid=101531165415223359140&amp;rtpof=true&amp;sd=true\">fi\u0219\u0103 de autoevaluare<\/a><\/li>\n<li><strong>Moale (Prodan) Gabriela Maria<\/strong> &#8211; <a href=\"https:\/\/docs.google.com\/spreadsheets\/d\/13F7uJMAJkforvMB5RhW5ojdp_rIBvINj\/edit?usp=drive_link&amp;ouid=101531165415223359140&amp;rtpof=true&amp;sd=true\">fi\u0219\u0103 de autoevaluare<\/a><\/li>\n<li><strong>Muraru (Pintea) Manuela<\/strong>\u00a0&#8211; <a href=\"https:\/\/docs.google.com\/spreadsheets\/d\/1_m7custr5wcLCRSVI2OFPinJ3vgf8QzC\/edit?usp=drive_link&amp;ouid=101531165415223359140&amp;rtpof=true&amp;sd=true\">fi\u0219\u0103 de autoevaluare<\/a><\/li>\n<li><strong>Mure\u0219an (\u021ainca) Carmen Florica<\/strong> &#8211; <a href=\"https:\/\/docs.google.com\/spreadsheets\/d\/1BTtexhCwCAFiI_KvktjaMFNXg0kjK6v3\/edit?usp=drive_link&amp;ouid=101531165415223359140&amp;rtpof=true&amp;sd=true\">fi\u0219\u0103 de autoevaluare<\/a><\/li>\n<li><strong>Nechita Ioan Dorin<\/strong> &#8211; <a href=\"https:\/\/docs.google.com\/spreadsheets\/d\/1euyR66uRv2qFCR3c_DuAEk6uomdiKkNN\/edit?usp=drive_link&amp;ouid=101531165415223359140&amp;rtpof=true&amp;sd=true\">fi\u0219\u0103 de autoevaluare<\/a><\/li>\n<li><strong>Neme\u0219 (Ghita) Florentina Laura<\/strong> &#8211; <a href=\"https:\/\/docs.google.com\/spreadsheets\/d\/18onht66wmWz77050EOwA2kFuOuQZnvGx\/edit?usp=drive_link&amp;ouid=101531165415223359140&amp;rtpof=true&amp;sd=true\">fi\u0219\u0103 de autoevaluare<\/a><\/li>\n<li><strong>Nicoar\u0103 (Bledea) Raluca<\/strong> &#8211; <a href=\"https:\/\/docs.google.com\/spreadsheets\/d\/1NxAlyU33aA9TGJxPGRauRJDX_ZWB2N8Y\/edit?usp=drive_link&amp;ouid=101531165415223359140&amp;rtpof=true&amp;sd=true\">fi\u0219\u0103 de autoevaluare<\/a><\/li>\n<li><strong>Nistor (Z\u0103voian) Mirela Leti\u021bia<\/strong> &#8211; <a href=\"https:\/\/docs.google.com\/spreadsheets\/d\/1JlZvvKa1gcPmVmkiqvwMUsQoOc0QSlsX\/edit?usp=drive_link&amp;ouid=101531165415223359140&amp;rtpof=true&amp;sd=true\">fi\u0219\u0103 de autoevaluare<\/a><\/li>\n<li><strong>P\u0103dureanu (Pop) Maria-Nicoleta<\/strong> &#8211; <a href=\"https:\/\/docs.google.com\/spreadsheets\/d\/1H49mf32vYv2_WqR-y8EJLa7PHm0fOPZA\/edit?usp=drive_link&amp;ouid=101531165415223359140&amp;rtpof=true&amp;sd=true\">fi\u0219\u0103 de autoevaluare<\/a><\/li>\n<li><strong>Peride Cristina<\/strong> &#8211; <a href=\"https:\/\/docs.google.com\/spreadsheets\/d\/1k-jDHTkVKvR7jj-EQpVgQhMU9YzwizA-\/edit?usp=drive_link&amp;ouid=101531165415223359140&amp;rtpof=true&amp;sd=true\">fi\u0219\u0103 de autoevaluare<\/a><\/li>\n<li><strong>Petrovan (David) Ioana<\/strong> &#8211; <a href=\"https:\/\/docs.google.com\/spreadsheets\/d\/1Lg5Kp2Gt4EfVg_6LN4lWClV7YLPmp2-X\/edit?usp=drive_link&amp;ouid=101531165415223359140&amp;rtpof=true&amp;sd=true\">fi\u0219\u0103 de autoevaluare<\/a><\/li>\n<li><strong>Pop Eliza<\/strong> &#8211; <a href=\"https:\/\/docs.google.com\/spreadsheets\/d\/1HFm8uQxeQJi9InRUveKT0Iy7EFQmDePb\/edit?usp=drive_link&amp;ouid=101531165415223359140&amp;rtpof=true&amp;sd=true\">fi\u0219\u0103 de autoevaluare<\/a><\/li>\n<li><strong>Pop Ioan-Nicolae<\/strong> &#8211; <a href=\"https:\/\/docs.google.com\/spreadsheets\/d\/17ML7ncjSZL4Fh-xkR93yvRjBCzKWJMYC\/edit?usp=drive_link&amp;ouid=101531165415223359140&amp;rtpof=true&amp;sd=true\">fi\u0219\u0103 de autoevaluare<\/a><\/li>\n<li><strong>Pop M\u0103d\u0103lina-Florina<\/strong> &#8211; <a href=\"https:\/\/docs.google.com\/spreadsheets\/d\/1-51NNQtp9eROcdq2yDsNiZOgQT2QJpur\/edit?usp=drive_link&amp;ouid=101531165415223359140&amp;rtpof=true&amp;sd=true\">fi\u0219\u0103 de autoevaluare<\/a><\/li>\n<li><strong>Taras Datso<\/strong> &#8211; <a href=\"https:\/\/docs.google.com\/spreadsheets\/d\/1MBZr_NgpSK4qrOVAHIu4MH_4dD2ZD0_B\/edit?usp=drive_link&amp;ouid=101531165415223359140&amp;rtpof=true&amp;sd=true\">fi\u0219\u0103 de autoevaluare<\/a><\/li>\n<li><strong>Ungur Anamaria-Valentina<\/strong> &#8211; <a href=\"https:\/\/docs.google.com\/spreadsheets\/d\/10uR6Jgsv4VWMeXJcgZ4pyQulAL7dqxbg\/edit?usp=drive_link&amp;ouid=101531165415223359140&amp;rtpof=true&amp;sd=true\">fi\u0219\u0103 de autoevaluare<\/a><\/li>\n<li><strong>Ursa (H\u0103d\u0103r\u0103u-Ursa) Ruxandra-Victori\u021ba<\/strong> &#8211; <a href=\"https:\/\/docs.google.com\/spreadsheets\/d\/1GEqpVKV8d-wGqqf21BBwKPZ4_vrjfNiK\/edit?usp=drive_link&amp;ouid=101531165415223359140&amp;rtpof=true&amp;sd=true\">fi\u0219\u0103 de autoevaluare<\/a><\/li>\n<li><strong>Velker (Colopelnic) Lumini\u021ba-Erika<\/strong> &#8211; <a href=\"https:\/\/docs.google.com\/spreadsheets\/d\/1T75eRbtW8GGedSqievzgr3ksDWG3oJso\/edit?usp=drive_link&amp;ouid=101531165415223359140&amp;rtpof=true&amp;sd=true\">fi\u0219\u0103 de autoevaluare<\/a><\/li>\n<\/ul>\n<p>&nbsp;<\/p>\n<hr \/>\n<p style=\"text-align: center;\"><strong>RAPOARTE de REFERIN\u021a\u0102<br \/>\npentru activitatea doctoranzilor<\/strong><\/p>\n<p><strong>A1. Centralizator activitate \u0219tiin\u021bific\u0103<\/strong> &#8211; <a href=\"https:\/\/drive.google.com\/file\/d\/1vzn-ziXSu_NixvDhFBmMUoVNbqAsN527\/view?usp=drive_link\">fi\u0219ier<\/a><\/p>\n<p><strong>A2. Centralizator publica\u021bii interna\u021bionale<\/strong> &#8211; <a href=\"https:\/\/drive.google.com\/file\/d\/14bOLDbXQc0m5ChGHdvbAJhy46Hn4zIfj\/view?usp=drive_link\">fi\u0219ier<\/a><\/p>\n<p><strong>B. Manifest\u0103ri \u0219tiin\u021bifice<\/strong> &#8211; <a href=\"https:\/\/drive.google.com\/file\/d\/1QQtQI8iDpOVaWNatJFW2waVj4uYeeb12\/view?usp=drive_link\">fi\u0219ier<\/a><\/p>\n<p><strong>C. Finalizare studii doctorale<\/strong> &#8211; <a href=\"https:\/\/drive.google.com\/file\/d\/1QqjcP_dBTof8cjQwwcbOHHZ1FpoA5CCs\/view?usp=drive_link\">fi\u0219ier<\/a><\/p>\n<p><strong>D. Sus\u021binere public\u0103 a tezelor de doctorat<\/strong> &#8211; <a href=\"https:\/\/drive.google.com\/file\/d\/1ungjTzfD9k6FS1XCd95d-NUhETnSJscH\/view?usp=drive_link\">procese verbale<\/a><\/p>\n<p>&nbsp;<\/p>\n","protected":false},"excerpt":{"rendered":"<p>FI\u0218E de AUTOEVALUARE pentru activitatea doctoranzilor Ardus\u0103tan (Vanca) Aurelia-Gabriela &#8211; fi\u0219\u0103 de autoevaluare B\u0103ban Gavril Vasile &#8211; fi\u0219\u0103 de autoevaluare Banciu Ligia-Monica &#8211; fi\u0219\u0103 de autoevaluare B\u0103rbos (Ionce) Angelica Valerica &#8211; fi\u0219\u0103 de autoevaluare Bob Anamaria Lavinia\u00a0&#8211; fi\u0219\u0103 de autoevaluare Bochi\u0219 (Nedelcu) Bogdana-Cristina-Laura\u00a0&#8211; fi\u0219\u0103 de autoevaluare Bor\u0219e (Mocanu) Adela-Maria\u00a0&#8211; fi\u0219\u0103 de autoevaluare Breban (Mure\u0219an) Petronela &hellip; <a href=\"http:\/\/litere.cunbm.utcluj.ro\/doctorat\/index.php\/activitate-doctoranzi-filologie\/\" class=\"more-link\">Continue reading <span class=\"screen-reader-text\">Activitate doctoranzi FILOLOGIE<\/span><\/a><\/p>\n","protected":false},"author":1,"featured_media":0,"parent":0,"menu_order":0,"comment_status":"closed","ping_status":"closed","template":"","meta":{"footnotes":""},"class_list":["post-144","page","type-page","status-publish","hentry"],"_links":{"self":[{"href":"http:\/\/litere.cunbm.utcluj.ro\/doctorat\/index.php\/wp-json\/wp\/v2\/pages\/144","targetHints":{"allow":["GET"]}}],"collection":[{"href":"http:\/\/litere.cunbm.utcluj.ro\/doctorat\/index.php\/wp-json\/wp\/v2\/pages"}],"about":[{"href":"http:\/\/litere.cunbm.utcluj.ro\/doctorat\/index.php\/wp-json\/wp\/v2\/types\/page"}],"author":[{"embeddable":true,"href":"http:\/\/litere.cunbm.utcluj.ro\/doctorat\/index.php\/wp-json\/wp\/v2\/users\/1"}],"replies":[{"embeddable":true,"href":"http:\/\/litere.cunbm.utcluj.ro\/doctorat\/index.php\/wp-json\/wp\/v2\/comments?post=144"}],"version-history":[{"count":23,"href":"http:\/\/litere.cunbm.utcluj.ro\/doctorat\/index.php\/wp-json\/wp\/v2\/pages\/144\/revisions"}],"predecessor-version":[{"id":200,"href":"http:\/\/litere.cunbm.utcluj.ro\/doctorat\/index.php\/wp-json\/wp\/v2\/pages\/144\/revisions\/200"}],"wp:attachment":[{"href":"http:\/\/litere.cunbm.utcluj.ro\/doctorat\/index.php\/wp-json\/wp\/v2\/media?parent=144"}],"curies":[{"name":"wp","href":"https:\/\/api.w.org\/{rel}","templated":true}]}}